{"id":17510,"date":"2026-03-18T14:45:45","date_gmt":"2026-03-18T12:45:45","guid":{"rendered":"https:\/\/pixelmarket.md\/shop\/?post_type=product&#038;p=17510"},"modified":"2026-04-23T11:08:04","modified_gmt":"2026-04-23T08:08:04","slug":"ruchka-povorotnaya-maner-rotativ-p-u-citycoco-ky-cy001","status":"publish","type":"product","link":"https:\/\/pixelmarket.md\/shop\/product\/ruchka-povorotnaya-maner-rotativ-p-u-citycoco-ky-cy001\/","title":{"rendered":"\u0420\u0443\u0447\u043a\u0430 \u043f\u043e\u0432\u043e\u0440\u043e\u0442\u043d\u0430\u044f\/MANER ROTATIV P\/U Citycoco  (KY-CY001)"},"content":{"rendered":"<p><span class=\"Y2IQFc\" lang=\"ro\">Acesta este un buton rotativ care: s<\/span><\/p>\n<p><span class=\"Y2IQFc\" lang=\"ro\">e monteaz\u0103 pe ghidon (de obicei \u00een dreapta) regleaz\u0103 viteza la viraje (ca la o motociclet\u0103) <\/span><\/p>\n<p><span class=\"Y2IQFc\" lang=\"ro\">se conecteaz\u0103 la controler prin cabluri<\/span><\/p>\n","protected":false},"excerpt":{"rendered":"<p>Acesta este un buton rotativ care: s e monteaz\u0103 pe ghidon (de obicei \u00een dreapta) regleaz\u0103 viteza la viraje (ca la o motociclet\u0103) se conecteaz\u0103 la controler prin cabluri<\/p>\n","protected":false},"featured_media":17511,"template":"","meta":[],"product_cat":[197,243],"product_tag":[206],"class_list":{"0":"post-17510","1":"product","2":"type-product","3":"status-publish","4":"has-post-thumbnail","6":"wpc-brand-no-brand","7":"product_cat-zapchasti-dlya-elektro-transporta","8":"product_cat-ruchka-gaza","9":"product_tag-samokat","11":"first","12":"instock","13":"sale","14":"shipping-taxable","15":"purchasable","16":"product-type-simple","17":"thumb-no-effect","18":"prod-rating-off"},"_links":{"self":[{"href":"https:\/\/pixelmarket.md\/shop\/wp-json\/wp\/v2\/product\/17510","targetHints":{"allow":["GET"]}}],"collection":[{"href":"https:\/\/pixelmarket.md\/shop\/wp-json\/wp\/v2\/product"}],"about":[{"href":"https:\/\/pixelmarket.md\/shop\/wp-json\/wp\/v2\/types\/product"}],"wp:featuredmedia":[{"embeddable":true,"href":"https:\/\/pixelmarket.md\/shop\/wp-json\/wp\/v2\/media\/17511"}],"wp:attachment":[{"href":"https:\/\/pixelmarket.md\/shop\/wp-json\/wp\/v2\/media?parent=17510"}],"wp:term":[{"taxonomy":"product_cat","embeddable":true,"href":"https:\/\/pixelmarket.md\/shop\/wp-json\/wp\/v2\/product_cat?post=17510"},{"taxonomy":"product_tag","embeddable":true,"href":"https:\/\/pixelmarket.md\/shop\/wp-json\/wp\/v2\/product_tag?post=17510"}],"curies":[{"name":"wp","href":"https:\/\/api.w.org\/{rel}","templated":true}]}}