{"id":17305,"date":"2025-12-17T13:00:05","date_gmt":"2025-12-17T11:00:05","guid":{"rendered":"https:\/\/pixelmarket.md\/shop\/?post_type=product&#038;p=17305"},"modified":"2026-04-23T11:05:08","modified_gmt":"2026-04-23T08:05:08","slug":"incarcator-pentru-magsaef-1-60w-lp35","status":"publish","type":"product","link":"https:\/\/pixelmarket.md\/shop\/product\/incarcator-pentru-magsaef-1-60w-lp35\/","title":{"rendered":"Incarcator pentru Magsaef 1 60W (LP35)"},"content":{"rendered":"<p>Specifica\u0163ii: Magnetic connector<\/p>\n<p>Culoarea de baz\u0103: White<\/p>\n<p>Model: MagSafe 1<\/p>\n<p>\u00cenc\u0103rc\u0103tor de re\u021bea<\/p>\n","protected":false},"excerpt":{"rendered":"<p>Specifica\u0163ii: Magnetic connector Culoarea de baz\u0103: White Model: MagSafe 1 \u00cenc\u0103rc\u0103tor de re\u021bea<\/p>\n","protected":false},"featured_media":17302,"template":"","meta":[],"product_cat":[238,227],"product_tag":[147,134],"class_list":{"0":"post-17305","1":"product","2":"type-product","3":"status-publish","4":"has-post-thumbnail","6":"wpc-brand-iphone","7":"product_cat-zaryadka-dlya-noutbuka","8":"product_cat-kompyuternaya-periferiya","9":"product_tag-charge","10":"product_tag-iphone","12":"first","13":"instock","14":"sale","15":"shipping-taxable","16":"purchasable","17":"product-type-simple","18":"thumb-no-effect","19":"prod-rating-off"},"_links":{"self":[{"href":"https:\/\/pixelmarket.md\/shop\/wp-json\/wp\/v2\/product\/17305","targetHints":{"allow":["GET"]}}],"collection":[{"href":"https:\/\/pixelmarket.md\/shop\/wp-json\/wp\/v2\/product"}],"about":[{"href":"https:\/\/pixelmarket.md\/shop\/wp-json\/wp\/v2\/types\/product"}],"wp:featuredmedia":[{"embeddable":true,"href":"https:\/\/pixelmarket.md\/shop\/wp-json\/wp\/v2\/media\/17302"}],"wp:attachment":[{"href":"https:\/\/pixelmarket.md\/shop\/wp-json\/wp\/v2\/media?parent=17305"}],"wp:term":[{"taxonomy":"product_cat","embeddable":true,"href":"https:\/\/pixelmarket.md\/shop\/wp-json\/wp\/v2\/product_cat?post=17305"},{"taxonomy":"product_tag","embeddable":true,"href":"https:\/\/pixelmarket.md\/shop\/wp-json\/wp\/v2\/product_tag?post=17305"}],"curies":[{"name":"wp","href":"https:\/\/api.w.org\/{rel}","templated":true}]}}